{"id":33,"date":"2026-02-16T16:07:14","date_gmt":"2026-02-16T16:07:14","guid":{"rendered":"https:\/\/sabrinaisimbimassages.be\/?page_id=33"},"modified":"2026-03-23T14:39:11","modified_gmt":"2026-03-23T14:39:11","slug":"a-propos-de-moi","status":"publish","type":"page","link":"https:\/\/sabrinaisimbimassages.be\/index.php\/a-propos-de-moi\/","title":{"rendered":"A Propos de moi"},"content":{"rendered":"\n<div class=\"wp-block-group\"><div class=\"wp-block-group__inner-container is-layout-constrained wp-block-group-is-layout-constrained\"><div class=\"wp-block-image\">\n<figure class=\"alignleft size-large is-resized\"><img loading=\"lazy\" decoding=\"async\" width=\"747\" height=\"1024\" src=\"https:\/\/sabrinaisimbimassages.be\/wp-content\/uploads\/2026\/02\/SABRINA-ISIMBI-51-scaled-e1774276593845-747x1024.jpg\" alt=\"\" class=\"wp-image-52\" style=\"aspect-ratio:0.733893755643393;width:164px;height:auto\" srcset=\"https:\/\/sabrinaisimbimassages.be\/wp-content\/uploads\/2026\/02\/SABRINA-ISIMBI-51-scaled-e1774276593845-747x1024.jpg 747w, https:\/\/sabrinaisimbimassages.be\/wp-content\/uploads\/2026\/02\/SABRINA-ISIMBI-51-scaled-e1774276593845-219x300.jpg 219w, https:\/\/sabrinaisimbimassages.be\/wp-content\/uploads\/2026\/02\/SABRINA-ISIMBI-51-scaled-e1774276593845-768x1053.jpg 768w, https:\/\/sabrinaisimbimassages.be\/wp-content\/uploads\/2026\/02\/SABRINA-ISIMBI-51-scaled-e1774276593845-1121x1536.jpg 1121w, https:\/\/sabrinaisimbimassages.be\/wp-content\/uploads\/2026\/02\/SABRINA-ISIMBI-51-scaled-e1774276593845-1494x2048.jpg 1494w, https:\/\/sabrinaisimbimassages.be\/wp-content\/uploads\/2026\/02\/SABRINA-ISIMBI-51-scaled-e1774276593845.jpg 1706w\" sizes=\"auto, (max-width: 747px) 100vw, 747px\" \/><\/figure>\n<\/div><\/div><\/div>\n\n\n\n<p>Certifi\u00e9e praticienne de <strong>Shiatsu<\/strong> de l&rsquo;\u00e9cole <br><a href=\"https:\/\/shiatsu-yoseido.com\/\" target=\"_blank\" rel=\"noreferrer noopener\">Yoseido Academy Brussels<\/a>, avec Ma\u00eetre Kawada.<br>Stages supervis\u00e9s par Ma\u00eetre Kawada <br>dans diff\u00e9rents h\u00f4pitaux \u00e0 Bruxelles :<br> Clinique Saint-Luc service oncologique<br> Clinique La Ram\u00e9e service psychiatrie<br> H\u00f4pital Saint-R\u00e9mi service psychiatrie<br> Soins palliatifs \u00e0 Soignies<\/p>\n\n\n\n<p><br><strong>Massage Amma<\/strong> : Certificat <a href=\"https:\/\/www.ecole-europeenne-massage.be\/\" target=\"_blank\" rel=\"noreferrer noopener\">Ecole Europ\u00e9enne de massage<\/a> Bruxelles<br><strong>Deep Flow<\/strong> : Certificat Ecole Europ\u00e9enne de massage Bruxelles<br><strong>Massage Su\u00e9dois<\/strong> : <a href=\"https:\/\/www.salveamassage.be\/\" target=\"_blank\" rel=\"noreferrer noopener\">Salvea Massage Bruxelles<\/a><\/p>\n\n\n\n<p><\/p>\n","protected":false},"excerpt":{"rendered":"<p>Certifi\u00e9e praticienne de Shiatsu de l&rsquo;\u00e9cole Yoseido Academy Brussels, avec Ma\u00eetre Kawada.Stages supervis\u00e9s par Ma\u00eetre Kawada dans diff\u00e9rents h\u00f4pitaux \u00e0 Bruxelles : Clinique Saint-Luc service oncologique Clinique La Ram\u00e9e service psychiatrie H\u00f4pital Saint-R\u00e9mi service psychiatrie Soins palliatifs \u00e0 Soignies Massage &hellip; <a href=\"https:\/\/sabrinaisimbimassages.be\/index.php\/a-propos-de-moi\/\">Continuer la lecture <span class=\"meta-nav\">&rarr;<\/span><\/a><\/p>\n","protected":false},"author":1,"featured_media":0,"parent":0,"menu_order":0,"comment_status":"closed","ping_status":"closed","template":"","meta":{"footnotes":""},"class_list":["post-33","page","type-page","status-publish","hentry"],"_links":{"self":[{"href":"https:\/\/sabrinaisimbimassages.be\/index.php\/wp-json\/wp\/v2\/pages\/33","targetHints":{"allow":["GET"]}}],"collection":[{"href":"https:\/\/sabrinaisimbimassages.be\/index.php\/wp-json\/wp\/v2\/pages"}],"about":[{"href":"https:\/\/sabrinaisimbimassages.be\/index.php\/wp-json\/wp\/v2\/types\/page"}],"author":[{"embeddable":true,"href":"https:\/\/sabrinaisimbimassages.be\/index.php\/wp-json\/wp\/v2\/users\/1"}],"replies":[{"embeddable":true,"href":"https:\/\/sabrinaisimbimassages.be\/index.php\/wp-json\/wp\/v2\/comments?post=33"}],"version-history":[{"count":9,"href":"https:\/\/sabrinaisimbimassages.be\/index.php\/wp-json\/wp\/v2\/pages\/33\/revisions"}],"predecessor-version":[{"id":172,"href":"https:\/\/sabrinaisimbimassages.be\/index.php\/wp-json\/wp\/v2\/pages\/33\/revisions\/172"}],"wp:attachment":[{"href":"https:\/\/sabrinaisimbimassages.be\/index.php\/wp-json\/wp\/v2\/media?parent=33"}],"curies":[{"name":"wp","href":"https:\/\/api.w.org\/{rel}","templated":true}]}}