{"id":2,"date":"2026-02-16T15:10:25","date_gmt":"2026-02-16T15:10:25","guid":{"rendered":"http:\/\/sabrinaisimbimassages.be\/?page_id=2"},"modified":"2026-03-16T15:27:27","modified_gmt":"2026-03-16T15:27:27","slug":"sample-page","status":"publish","type":"page","link":"https:\/\/sabrinaisimbimassages.be\/","title":{"rendered":"Bienvenue"},"content":{"rendered":"\n<p>J&rsquo;ai \u00e0 coeur de soulager les douleurs physiques, d&rsquo;aider \u00e0 d\u00e9lester la charge mentale et \u00e9motionnelle des personnes qui me consultent par un toucher conscient et bienveillant dans un environnement apaisant.<br>Prendre soin des autres comme je prends soin de moi est possible gr\u00e2ce \u00e0 la ma\u00eetrise de techniques manuelles et respiratoires. Ces techniques permettent une prise en charge individuelle des clients d&rsquo;une fa\u00e7on holistique en tenant compte \u00e0 la fois de leur \u00e9tat physique, physiologique, mental et \u00e9motionnel du moment. Ce soin par le toucher leur permet de se reconnecter \u00e0 leur corps et \u00e0 leurs ressentis et transforme mon m\u00e9tier en passion.<\/p>\n\n\n\n<p>Au plaisir de partager ces moments d&rsquo;harmonie et de s\u00e9r\u00e9nit\u00e9 !<\/p>\n\n\n<div class=\"wp-block-image\">\n<figure class=\"aligncenter size-full\"><img loading=\"lazy\" decoding=\"async\" width=\"252\" height=\"377\" src=\"https:\/\/sabrinaisimbimassages.be\/wp-content\/uploads\/2026\/02\/Portrait1_petit.jpg\" alt=\"\" class=\"wp-image-77\" srcset=\"https:\/\/sabrinaisimbimassages.be\/wp-content\/uploads\/2026\/02\/Portrait1_petit.jpg 252w, https:\/\/sabrinaisimbimassages.be\/wp-content\/uploads\/2026\/02\/Portrait1_petit-201x300.jpg 201w\" sizes=\"auto, (max-width: 252px) 100vw, 252px\" \/><\/figure>\n<\/div>","protected":false},"excerpt":{"rendered":"<p>J&rsquo;ai \u00e0 coeur de soulager les douleurs physiques, d&rsquo;aider \u00e0 d\u00e9lester la charge mentale et \u00e9motionnelle des personnes qui me consultent par un toucher conscient et bienveillant dans un environnement apaisant.Prendre soin des autres comme je prends soin de moi &hellip; <a href=\"https:\/\/sabrinaisimbimassages.be\/\">Continuer la lecture <span class=\"meta-nav\">&rarr;<\/span><\/a><\/p>\n","protected":false},"author":1,"featured_media":0,"parent":0,"menu_order":0,"comment_status":"closed","ping_status":"open","template":"","meta":{"footnotes":""},"class_list":["post-2","page","type-page","status-publish","hentry"],"_links":{"self":[{"href":"https:\/\/sabrinaisimbimassages.be\/index.php\/wp-json\/wp\/v2\/pages\/2","targetHints":{"allow":["GET"]}}],"collection":[{"href":"https:\/\/sabrinaisimbimassages.be\/index.php\/wp-json\/wp\/v2\/pages"}],"about":[{"href":"https:\/\/sabrinaisimbimassages.be\/index.php\/wp-json\/wp\/v2\/types\/page"}],"author":[{"embeddable":true,"href":"https:\/\/sabrinaisimbimassages.be\/index.php\/wp-json\/wp\/v2\/users\/1"}],"replies":[{"embeddable":true,"href":"https:\/\/sabrinaisimbimassages.be\/index.php\/wp-json\/wp\/v2\/comments?post=2"}],"version-history":[{"count":9,"href":"https:\/\/sabrinaisimbimassages.be\/index.php\/wp-json\/wp\/v2\/pages\/2\/revisions"}],"predecessor-version":[{"id":140,"href":"https:\/\/sabrinaisimbimassages.be\/index.php\/wp-json\/wp\/v2\/pages\/2\/revisions\/140"}],"wp:attachment":[{"href":"https:\/\/sabrinaisimbimassages.be\/index.php\/wp-json\/wp\/v2\/media?parent=2"}],"curies":[{"name":"wp","href":"https:\/\/api.w.org\/{rel}","templated":true}]}}