{"id":11,"date":"2026-02-16T15:34:11","date_gmt":"2026-02-16T15:34:11","guid":{"rendered":"http:\/\/sabrinaisimbimassages.be\/?page_id=11"},"modified":"2026-03-16T15:43:16","modified_gmt":"2026-03-16T15:43:16","slug":"massages-proposes","status":"publish","type":"page","link":"https:\/\/sabrinaisimbimassages.be\/index.php\/massages-proposes\/","title":{"rendered":"Massages propos\u00e9s"},"content":{"rendered":"\n<p><strong>Massages habill\u00e9s<\/strong> (sur v\u00eatements souples et pas trop \u00e9pais)<\/p>\n\n\n\n<ul class=\"wp-block-list\">\n<li><strong>Shiatsu<\/strong> <br>Shiatsu signifie \u00ab\u00a0pression des doigts \u00bb. Il s&rsquo;agit d&rsquo;une pratique ancestrale de sant\u00e9 d&rsquo;origine japonaise qui utilise des mouvements, des pressions manuelles (pouces, paumes), des \u00e9tirements et des mobilisations pour renforcer le bien-\u00eatre du corps, soulager le stress et r\u00e9\u00e9quilibrer les \u00e9nergies physiques et psychiques. Il trouve ses originies dans la m\u00e9decine traditionnelle chinoise et la th\u00e9orie des m\u00e9ridiens.<\/li>\n<\/ul>\n\n\n\n<ul class=\"wp-block-list\">\n<li><strong>Amma<\/strong> <br>Le massage Amma, \u00ab\u00a0calmer par le toucher\u00a0\u00bb, est un massage traditionnel japonais sur chaise qui apporte d\u00e9tente et relaxation, soulage les tensions musculaires du dos, de la nuque et de la t\u00eate.<\/li>\n<\/ul>\n\n\n\n<p class=\"has-text-align-center\">*****   *****   *****<\/p>\n\n\n\n<p><strong>Massages \u00e0 l&rsquo;huile<\/strong><\/p>\n\n\n\n<ul class=\"wp-block-list\">\n<li><strong>Deep Flow <\/strong><br>Ce massage a \u00e9t\u00e9 cr\u00e9\u00e9 en 2006 par la Canadienne Myl\u00e8ne Bergeron. Il s&rsquo;agit d&rsquo;une approche manuelle progressive cherchant \u00e0 combiner des techniques qui respectent \u00e0 la fois le corps du masseur et celui du client.  Elle est bas\u00e9e sur l&rsquo;alignement du corps et de la respiration pour rel\u00e2cher les tensions et ainsi redynamiser l&rsquo;\u00e9nergie pour un meilleur \u00e9quilibre de la sant\u00e9 g\u00e9n\u00e9rale.<\/li>\n<\/ul>\n\n\n\n<ul class=\"wp-block-list\">\n<li><strong>Massage Su\u00e9dois<\/strong> <br>Il s&rsquo;agit d&rsquo;une technique classique de massage occidental \u00e0 l&rsquo;huile, il est reconnu pour ses bienfaits relaxants et tonifiants des muscles, des tendons et des articulations.<br>Cette technique englobe 5 mouvements manuels identiques et pratiqu\u00e9s de la m\u00eame mani\u00e8re selon la partie du corps trait\u00e9e : effleurage, p\u00e9trissage, frictions, tapotements et vibrations.  Ces mouvements permettent de dissoudre les tensions les plus profondes dans le corps. Ils se font toujours des extr\u00e9mit\u00e9s vers le coeur afin d&rsquo;accentuer l&rsquo;effet circulatoire et relaxant.<br><\/li>\n\n\n\n<li><strong>Massage Oncologique <\/strong><br>Le massage oncologique est un massage adapt\u00e9 au patient selon son \u00e9tat du moment. Il am\u00e9liore le syst\u00e8me immunitaire, soulage la douleur, diminue le stress physique &amp; \u00e9motionnel, diminue l\u2019anxi\u00e9t\u00e9, et favorise la s\u00e9cr\u00e9tion des hormones du bonheur.<\/li>\n<\/ul>\n\n\n\n<p><\/p>\n","protected":false},"excerpt":{"rendered":"<p>Massages habill\u00e9s (sur v\u00eatements souples et pas trop \u00e9pais) ***** ***** ***** Massages \u00e0 l&rsquo;huile<\/p>\n","protected":false},"author":1,"featured_media":0,"parent":0,"menu_order":0,"comment_status":"closed","ping_status":"closed","template":"","meta":{"footnotes":""},"class_list":["post-11","page","type-page","status-publish","hentry"],"_links":{"self":[{"href":"https:\/\/sabrinaisimbimassages.be\/index.php\/wp-json\/wp\/v2\/pages\/11","targetHints":{"allow":["GET"]}}],"collection":[{"href":"https:\/\/sabrinaisimbimassages.be\/index.php\/wp-json\/wp\/v2\/pages"}],"about":[{"href":"https:\/\/sabrinaisimbimassages.be\/index.php\/wp-json\/wp\/v2\/types\/page"}],"author":[{"embeddable":true,"href":"https:\/\/sabrinaisimbimassages.be\/index.php\/wp-json\/wp\/v2\/users\/1"}],"replies":[{"embeddable":true,"href":"https:\/\/sabrinaisimbimassages.be\/index.php\/wp-json\/wp\/v2\/comments?post=11"}],"version-history":[{"count":8,"href":"https:\/\/sabrinaisimbimassages.be\/index.php\/wp-json\/wp\/v2\/pages\/11\/revisions"}],"predecessor-version":[{"id":143,"href":"https:\/\/sabrinaisimbimassages.be\/index.php\/wp-json\/wp\/v2\/pages\/11\/revisions\/143"}],"wp:attachment":[{"href":"https:\/\/sabrinaisimbimassages.be\/index.php\/wp-json\/wp\/v2\/media?parent=11"}],"curies":[{"name":"wp","href":"https:\/\/api.w.org\/{rel}","templated":true}]}}